{"id":51,"date":"2026-05-11T18:44:18","date_gmt":"2026-05-11T18:44:18","guid":{"rendered":"https:\/\/smdizel.hr\/wp\/?page_id=51"},"modified":"2026-05-11T18:50:30","modified_gmt":"2026-05-11T18:50:30","slug":"services","status":"publish","type":"page","link":"https:\/\/smdizel.hr\/wp\/?page_id=51","title":{"rendered":"Services"},"content":{"rendered":"\n\n\n\n\n\n\nKarakteristike Na\u0161ih Ususluga\n\n\n\nNa\u0161i visoko kvalificirani timovi pru\u017eaju usluge koje se isti\u010du po svojoj kvaliteti, efikasnosti i prilago\u0111enosti potrebama klijenata.\n\n\n\n\nKvalitetni materijali\n\n\n\nIskusni stru\u010dnjaci\n\n\n\nInovativna rje\u0161enja\n\n\n\nOdli\u010dna korisni\u010dka podr\u0161ka\n\n\n\n\n\n\n\n\n\n\n\n\n\n\nNa\u0161i Projekti\n\n\n\nPogledajte na\u0161 portfelj uspje\u0161nih projekata koji ilustriraju na\u0161u stru\u010dnost i posve\u0107enost kvaliteti.\n\n\n\n\n\n\n\n\n\n\n\n\n\n\n\n\n\n\n\n\n\n\n\n\n\n\n\n\n\n\n\n\n\n\n\n\n\n\n\nNa\u0161a vrijednost za vas\n\n\n\nSaznajte kako na\u0161 pristup i posve\u0107enost kvaliteta dodaju vrijednost va\u0161em projektu.\n\n\n\n\n\n\n\n\n\n\n\n\n\n\n\n\u0160to ka\u017eu na\u0161i klijenti\n\n\n\n\n\n\n\n\n\n\n\n\n\n\n\n\n\n\n\n\n\nSM Dizel d.o.o. pru\u017ea profesionalne usluge koje su daleko nadma\u0161ile moja o\u010dekivanja. Njihova stru\u010dnost i pa\u017enja na detalje su jednostavno nevjerojatni.\n\n\n\n\n\n\n\n\n\n\n\nSM Dizel d.o.o. je bio moj najbolji izbor za vodjenje mog projekta. Njihov tim je bio izuzetno profesionalan i usluge su im neprikosnovene.\n\n\n\n\n\n\n\n\n\n\n\nKao klijent SM Dizel d.o.o., mogu re\u0107i da nikada nisam imao bolje iskustvo. Njihova predanost kvaliteti i sigurnosti je o\u010digledna.\n\n\n\n\n\n\n","protected":false},"excerpt":{"rendered":"","protected":false},"author":1,"featured_media":0,"parent":0,"menu_order":0,"comment_status":"closed","ping_status":"closed","template":"","meta":{"pagelayer_contact_templates":[],"_pagelayer_content":"","footnotes":""},"class_list":["post-51","page","type-page","status-publish","hentry"],"_links":{"self":[{"href":"https:\/\/smdizel.hr\/wp\/index.php?rest_route=\/wp\/v2\/pages\/51","targetHints":{"allow":["GET"]}}],"collection":[{"href":"https:\/\/smdizel.hr\/wp\/index.php?rest_route=\/wp\/v2\/pages"}],"about":[{"href":"https:\/\/smdizel.hr\/wp\/index.php?rest_route=\/wp\/v2\/types\/page"}],"author":[{"embeddable":true,"href":"https:\/\/smdizel.hr\/wp\/index.php?rest_route=\/wp\/v2\/users\/1"}],"replies":[{"embeddable":true,"href":"https:\/\/smdizel.hr\/wp\/index.php?rest_route=%2Fwp%2Fv2%2Fcomments&post=51"}],"version-history":[{"count":3,"href":"https:\/\/smdizel.hr\/wp\/index.php?rest_route=\/wp\/v2\/pages\/51\/revisions"}],"predecessor-version":[{"id":66,"href":"https:\/\/smdizel.hr\/wp\/index.php?rest_route=\/wp\/v2\/pages\/51\/revisions\/66"}],"wp:attachment":[{"href":"https:\/\/smdizel.hr\/wp\/index.php?rest_route=%2Fwp%2Fv2%2Fmedia&parent=51"}],"curies":[{"name":"wp","href":"https:\/\/api.w.org\/{rel}","templated":true}]}}