{"id":45,"date":"2026-05-11T18:44:17","date_gmt":"2026-05-11T18:44:17","guid":{"rendered":"https:\/\/smdizel.hr\/wp\/?page_id=45"},"modified":"2026-05-11T18:44:18","modified_gmt":"2026-05-11T18:44:18","slug":"home","status":"publish","type":"page","link":"https:\/\/smdizel.hr\/wp\/","title":{"rendered":"Home"},"content":{"rendered":"\n\n\n<span style=\"line-height:1.5\">Svi na\u0161i gra\u0111evinski materijali su visoko kvalitetni, traju dugo i zadovoljavaju sve standarde sigurnosti.<\/span>\n\n\n<span style=\"line-height:1.5\">Na\u0161 tim sastoji se od iskusnih stru\u010dnjaka s dugogodi\u0161njim iskustvom u gra\u0111evinskoj industriji.<\/span>\n\n\n<span style=\"line-height:1.5\">Pru\u017eamo inovativna rje\u0161enja koja odgovaraju modernim zahtjevima gra\u0111evinske industrije, osiguravaju\u0107i optimalna rje\u0161enja za na\u0161e klijente.<\/span>\n\n\n\n\n\n\n\nO nama &#8211; SM Dizel d.o.o.\nSM Dizel d.o.o. je vode\u0107a tvrtka u gra\u0111evinskoj industriji sa te\u017enjom za pru\u017eanjem vrhunskih materijala i usluga. Na\u0161a misija je osvje\u017eiti razvoj infrastrukture i osigurati sigurnost u svakom projektu.\nPosve\u0107eni smo pru\u017eanju najvi\u0161ih standarda kvalitete u svim na\u0161im uslugama i materijalima.\nPosve\u0107eni smo odr\u017eivim praksama i o\u010duvanju okoli\u0161a kroz sve na\u0161e projekte.\nFokus na\u0161eg poslovanja je na potpuno zadovoljstvo klijenata kroz usluge koje su prilago\u0111ene njihovim potrebama.\n\n\n\n\nNa\u0161a vrijednost za vas\nSaznajte kako na\u0161 pristup i posve\u0107enost kvaliteta dodaju vrijednost va\u0161em projektu.\n\n\n\n\n\n\n\n\n\nNa\u0161i Projekti\nPogledajte na\u0161 portfelj uspje\u0161nih projekata koji ilustriraju na\u0161u stru\u010dnost i posve\u0107enost kvaliteti.\n\n\n\n\n\n\n\n\n\n\n\n\n\n\n\n\n\n\n\n\n\n\nNa\u0161e Usluge\nOtkrijte na\u0161u \u0161iroku paletu usluga koje vam poma\u017eu ostvariti uspje\u0161ne gra\u0111evinske projekte, uklju\u010duju\u0107i savjetovanje, projektiranje i izvo\u0111enje radova.\n\n\n\n\n\n<span style=\"line-height:1.5\">Na\u0161e usluge savjetovanja omogu\u0107uju vam da donosite informirane odluke u svim fazama va\u0161ih gra\u0111evinskih projekata, osiguravaju\u0107i najbolju praksu i optimizaciju resursa.<\/span>\n\n\n<span style=\"line-height:1.5\">Na\u0161 tim stru\u010dnjaka nudi kreativna i prakti\u010dna rje\u0161enja za projektiranje koja zadovoljavaju va\u0161e specifi\u010dne potrebe i zahtjeve.<\/span>\n\n\n\n\n<span style=\"line-height:1.5\">Kvalitetno izvo\u0111enje radova je klju\u010d uspjeha svakog projekta, a mi jam\u010dimo usluge koje ispunjavaju najvi\u0161e standarde kvalitete i sigurnosti.<\/span>\n\n\n<span style=\"line-height:1.5\">Pru\u017eamo brzu i pouzdanu isporuku gra\u0111evinskih materijala kako bismo osigurali neprekidni rad va\u0161ih projekata.<\/span>\n\n\n\n\n\n\nPoziv na Akciju\n\n\n\n\n\n\n\n\n\n\u0160to ka\u017eu na\u0161i klijenti\n\n\n\n\n\n\n\n\n\n\n\n\n\n\nSM Dizel d.o.o. pru\u017ea profesionalne usluge koje su daleko nadma\u0161ile moja o\u010dekivanja. Njihova stru\u010dnost i pa\u017enja na detalje su jednostavno nevjerojatni.\n\n\n\n\n\n\nSM Dizel d.o.o. je bio moj najbolji izbor za vodjenje mog projekta. Njihov tim je bio izuzetno profesionalan i usluge su im neprikosnovene.\n\n\n\n\n\n\nKao klijent SM Dizel d.o.o., mogu re\u0107i da nikada nisam imao bolje iskustvo. Njihova predanost kvaliteti i sigurnosti je o\u010digledna.\n\n\n\n\n","protected":false},"excerpt":{"rendered":"","protected":false},"author":1,"featured_media":0,"parent":0,"menu_order":0,"comment_status":"closed","ping_status":"closed","template":"","meta":{"pagelayer_contact_templates":[],"_pagelayer_content":"","footnotes":""},"class_list":["post-45","page","type-page","status-publish","hentry"],"_links":{"self":[{"href":"https:\/\/smdizel.hr\/wp\/index.php?rest_route=\/wp\/v2\/pages\/45","targetHints":{"allow":["GET"]}}],"collection":[{"href":"https:\/\/smdizel.hr\/wp\/index.php?rest_route=\/wp\/v2\/pages"}],"about":[{"href":"https:\/\/smdizel.hr\/wp\/index.php?rest_route=\/wp\/v2\/types\/page"}],"author":[{"embeddable":true,"href":"https:\/\/smdizel.hr\/wp\/index.php?rest_route=\/wp\/v2\/users\/1"}],"replies":[{"embeddable":true,"href":"https:\/\/smdizel.hr\/wp\/index.php?rest_route=%2Fwp%2Fv2%2Fcomments&post=45"}],"version-history":[{"count":1,"href":"https:\/\/smdizel.hr\/wp\/index.php?rest_route=\/wp\/v2\/pages\/45\/revisions"}],"predecessor-version":[{"id":57,"href":"https:\/\/smdizel.hr\/wp\/index.php?rest_route=\/wp\/v2\/pages\/45\/revisions\/57"}],"wp:attachment":[{"href":"https:\/\/smdizel.hr\/wp\/index.php?rest_route=%2Fwp%2Fv2%2Fmedia&parent=45"}],"curies":[{"name":"wp","href":"https:\/\/api.w.org\/{rel}","templated":true}]}}